{"id":5,"date":"2022-07-12T17:34:27","date_gmt":"2022-07-12T20:34:27","guid":{"rendered":"https:\/\/enertrans.com.ar\/blog\/?page_id=5"},"modified":"2022-07-12T17:34:27","modified_gmt":"2022-07-12T20:34:27","slug":"blog","status":"publish","type":"page","link":"https:\/\/enertrans.com.ar\/blog\/","title":{"rendered":"Blog"},"content":{"rendered":"\n\t<div class=\"wpnawfree-plugin news-clearfix \" id=\"wpnw-news-1\">\r\n\r\n\t\t\r\n\t\t\t<div id=\"post-63\" class=\"news type-news wpnaw-blog-class has-date news-col-list wpnaw-first\">\r\n\t\t\t\t<div class=\"news-inner-wrap-view news-clearfix \">\r\n\r\n\t\t\t\t\t\t\t\t\t\t<div class=\"news-thumb\">\r\n\t\t\t\t\t\t\t\t\t\t\t\t\t<div class=\"grid-news-thumb\">\r\n\t\t\t\t\t\t\t\t<a href=\"https:\/\/enertrans.com.ar\/blog\/news\/continua-en-alza-la-demanda-de-personal-logistico-en-argentina\/\"><img loading=\"lazy\" decoding=\"async\" width=\"580\" height=\"386\" src=\"https:\/\/enertrans.com.ar\/blog\/wp-content\/uploads\/2022\/08\/789-768x511.jpg\" class=\"attachment-medium_large size-medium_large wp-post-image\" alt=\"\" srcset=\"https:\/\/enertrans.com.ar\/blog\/wp-content\/uploads\/2022\/08\/789-768x511.jpg 768w, https:\/\/enertrans.com.ar\/blog\/wp-content\/uploads\/2022\/08\/789-300x200.jpg 300w, https:\/\/enertrans.com.ar\/blog\/wp-content\/uploads\/2022\/08\/789-1024x681.jpg 1024w, https:\/\/enertrans.com.ar\/blog\/wp-content\/uploads\/2022\/08\/789-1200x798.jpg 1200w, https:\/\/enertrans.com.ar\/blog\/wp-content\/uploads\/2022\/08\/789.jpg 1500w\" sizes=\"auto, (max-width: 580px) 100vw, 580px\" \/><\/a>\r\n\t\t\t\t\t\t\t<\/div>\r\n\t\t\t\t\t\t\t\t\t\t\t<\/div>\r\n\t\t\t\t\t\r\n\t\t\t\t\t<div class=\"news-content\">\r\n\t\t\t\t\t\t\t\t\t\t\t\t\t<div class=\"grid-date-post\">\r\n\t\t\t\t\t\t\t\t16 agosto, 2022\t\t\t\t\t\t\t<\/div>\r\n\t\t\t\t\t\t\r\n\t\t\t\t\t\t<div class=\"post-content-text\">\r\n\t\t\t\t\t\t\t<h3 class=\"news-title\"><a href=\"https:\/\/enertrans.com.ar\/blog\/news\/continua-en-alza-la-demanda-de-personal-logistico-en-argentina\/\" rel=\"bookmark\">Contin\u00faa en alza la demanda de personal log\u00edstico en Argentina<\/a><\/h3>\t\t\t\t\t\t\t\t<div class=\"news-content-excerpt\">\r\n\t\t\t\t\t\t\t\t\t\t\t\t\t\t\t\t\t\t\t<div class=\"news-short-content\">\r\n\t\t\t\t\t\t\t\t\t\t\tLos cambios de h\u00e1bitos en los consumidores, el crecimiento exponencial del eCommerce y la transformaci\u00f3n digital que atraviesan tanto las grandes compa\u00f1\u00edas como las pymes y emprendimientos, se tradujeron en un aumento de demanda de personal, administrativo, tecnol\u00f3gico y de operadores en el sector log\u00edstico en general y en particular para la gesti\u00f3n de la \u00faltima milla...\t\t\t\t\t\t\t\t\t\t<\/div>\r\n\t\t\t\t\t\t\t\t\t\t<a href=\"https:\/\/enertrans.com.ar\/blog\/news\/continua-en-alza-la-demanda-de-personal-logistico-en-argentina\/\" class=\"news-more-link\">Read More<\/a>\r\n\t\t\t\t\t\t\t\t\t\t\t\t\t\t\t\t\t<\/div><!-- .entry-content -->\r\n\t\t\t\t\t\t\t\t\t\t\t\t\t<\/div>\r\n\t\t\t\t\t<\/div>\r\n\t\t\t\t<\/div><!-- #post-## -->\r\n\t\t\t<\/div><!-- #post-## -->\r\n\t\t\r\n\t\t\t<div id=\"post-56\" class=\"news type-news wpnaw-blog-class has-date news-col-list\">\r\n\t\t\t\t<div class=\"news-inner-wrap-view news-clearfix \">\r\n\r\n\t\t\t\t\t\t\t\t\t\t<div class=\"news-thumb\">\r\n\t\t\t\t\t\t\t\t\t\t\t\t\t<div class=\"grid-news-thumb\">\r\n\t\t\t\t\t\t\t\t<a href=\"https:\/\/enertrans.com.ar\/blog\/news\/la-opcion-de-las-pymes-para-acceder-a-una-logistica-intensiva\/\"><img loading=\"lazy\" decoding=\"async\" width=\"580\" height=\"312\" src=\"https:\/\/enertrans.com.ar\/blog\/wp-content\/uploads\/2022\/08\/558.jpg\" class=\"attachment-medium_large size-medium_large wp-post-image\" alt=\"\" srcset=\"https:\/\/enertrans.com.ar\/blog\/wp-content\/uploads\/2022\/08\/558.jpg 735w, https:\/\/enertrans.com.ar\/blog\/wp-content\/uploads\/2022\/08\/558-300x161.jpg 300w\" sizes=\"auto, (max-width: 580px) 100vw, 580px\" \/><\/a>\r\n\t\t\t\t\t\t\t<\/div>\r\n\t\t\t\t\t\t\t\t\t\t\t<\/div>\r\n\t\t\t\t\t\r\n\t\t\t\t\t<div class=\"news-content\">\r\n\t\t\t\t\t\t\t\t\t\t\t\t\t<div class=\"grid-date-post\">\r\n\t\t\t\t\t\t\t\t12 agosto, 2022\t\t\t\t\t\t\t<\/div>\r\n\t\t\t\t\t\t\r\n\t\t\t\t\t\t<div class=\"post-content-text\">\r\n\t\t\t\t\t\t\t<h3 class=\"news-title\"><a href=\"https:\/\/enertrans.com.ar\/blog\/news\/la-opcion-de-las-pymes-para-acceder-a-una-logistica-intensiva\/\" rel=\"bookmark\">La opci\u00f3n de las PYMES para acceder a una &#8220;log\u00edstica intensiva&#8221;<\/a><\/h3>\t\t\t\t\t\t\t\t<div class=\"news-content-excerpt\">\r\n\t\t\t\t\t\t\t\t\t\t\t\t\t\t\t\t\t\t\t<div class=\"news-short-content\">\r\n\t\t\t\t\t\t\t\t\t\t\tJuan Mastr\u00e1ngelo, gerente comercial del segmento Energ\u00eda en Andreani Industria, se refiri\u00f3 a las posibilidades de las empresas del sector para crecer en el negocio del petr\u00f3leo y el gas a nivel local.\n\n\u201cLa situaci\u00f3n macroecon\u00f3mica es delicada, pero, a su vez, se est\u00e1n produciendo desarrollos en...\t\t\t\t\t\t\t\t\t\t<\/div>\r\n\t\t\t\t\t\t\t\t\t\t<a href=\"https:\/\/enertrans.com.ar\/blog\/news\/la-opcion-de-las-pymes-para-acceder-a-una-logistica-intensiva\/\" class=\"news-more-link\">Read More<\/a>\r\n\t\t\t\t\t\t\t\t\t\t\t\t\t\t\t\t\t<\/div><!-- .entry-content -->\r\n\t\t\t\t\t\t\t\t\t\t\t\t\t<\/div>\r\n\t\t\t\t\t<\/div>\r\n\t\t\t\t<\/div><!-- #post-## -->\r\n\t\t\t<\/div><!-- #post-## -->\r\n\t\t\r\n\t\t\t<div id=\"post-48\" class=\"news type-news wpnaw-blog-class has-date news-col-list\">\r\n\t\t\t\t<div class=\"news-inner-wrap-view news-clearfix \">\r\n\r\n\t\t\t\t\t\t\t\t\t\t<div class=\"news-thumb\">\r\n\t\t\t\t\t\t\t\t\t\t\t\t\t<div class=\"grid-news-thumb\">\r\n\t\t\t\t\t\t\t\t<a href=\"https:\/\/enertrans.com.ar\/blog\/news\/tenaris-avanza-en-su-apuesta-por-vaca-muerta\/\"><img loading=\"lazy\" decoding=\"async\" width=\"580\" height=\"326\" src=\"https:\/\/enertrans.com.ar\/blog\/wp-content\/uploads\/2022\/08\/0.jpg\" class=\"attachment-medium_large size-medium_large wp-post-image\" alt=\"\" srcset=\"https:\/\/enertrans.com.ar\/blog\/wp-content\/uploads\/2022\/08\/0.jpg 730w, https:\/\/enertrans.com.ar\/blog\/wp-content\/uploads\/2022\/08\/0-300x168.jpg 300w\" sizes=\"auto, (max-width: 580px) 100vw, 580px\" \/><\/a>\r\n\t\t\t\t\t\t\t<\/div>\r\n\t\t\t\t\t\t\t\t\t\t\t<\/div>\r\n\t\t\t\t\t\r\n\t\t\t\t\t<div class=\"news-content\">\r\n\t\t\t\t\t\t\t\t\t\t\t\t\t<div class=\"grid-date-post\">\r\n\t\t\t\t\t\t\t\t5 agosto, 2022\t\t\t\t\t\t\t<\/div>\r\n\t\t\t\t\t\t\r\n\t\t\t\t\t\t<div class=\"post-content-text\">\r\n\t\t\t\t\t\t\t<h3 class=\"news-title\"><a href=\"https:\/\/enertrans.com.ar\/blog\/news\/tenaris-avanza-en-su-apuesta-por-vaca-muerta\/\" rel=\"bookmark\">Tenaris avanza en su apuesta por Vaca Muerta<\/a><\/h3>\t\t\t\t\t\t\t\t<div class=\"news-content-excerpt\">\r\n\t\t\t\t\t\t\t\t\t\t\t\t\t\t\t\t\t\t\t<div class=\"news-short-content\">\r\n\t\t\t\t\t\t\t\t\t\t\tLa compa\u00f1\u00eda va a construir una nueva base de servicios con una superficie de 15 hect\u00e1reas en una ubicaci\u00f3n cercana a las principales operaciones petroleras de Vaca Muerta.\n\nTan solo un a\u00f1o despu\u00e9s de haber comenzado con las operaciones, Tenaris junto a su unidad de negocio Tenaris Oil & Gas Services ya super\u00f3 las 1.000 fracturas hidr\u00e1ulicas en Vaca Muerta, el segundo...\t\t\t\t\t\t\t\t\t\t<\/div>\r\n\t\t\t\t\t\t\t\t\t\t<a href=\"https:\/\/enertrans.com.ar\/blog\/news\/tenaris-avanza-en-su-apuesta-por-vaca-muerta\/\" class=\"news-more-link\">Read More<\/a>\r\n\t\t\t\t\t\t\t\t\t\t\t\t\t\t\t\t\t<\/div><!-- .entry-content -->\r\n\t\t\t\t\t\t\t\t\t\t\t\t\t<\/div>\r\n\t\t\t\t\t<\/div>\r\n\t\t\t\t<\/div><!-- #post-## -->\r\n\t\t\t<\/div><!-- #post-## -->\r\n\t\t\r\n\t\t\t<div id=\"post-43\" class=\"news type-news wpnaw-blog-class has-date news-col-list\">\r\n\t\t\t\t<div class=\"news-inner-wrap-view news-clearfix \">\r\n\r\n\t\t\t\t\t\t\t\t\t\t<div class=\"news-thumb\">\r\n\t\t\t\t\t\t\t\t\t\t\t\t\t<div class=\"grid-news-thumb\">\r\n\t\t\t\t\t\t\t\t<a href=\"https:\/\/enertrans.com.ar\/blog\/news\/vaca-muerta-las-restricciones-a-las-importaciones-comienzan-a-impactar-en-la-produccion-de-petroleo-y-gas\/\"><img loading=\"lazy\" decoding=\"async\" width=\"580\" height=\"386\" src=\"https:\/\/enertrans.com.ar\/blog\/wp-content\/uploads\/2022\/08\/1-768x511.jpg\" class=\"attachment-medium_large size-medium_large wp-post-image\" alt=\"\" srcset=\"https:\/\/enertrans.com.ar\/blog\/wp-content\/uploads\/2022\/08\/1-768x511.jpg 768w, https:\/\/enertrans.com.ar\/blog\/wp-content\/uploads\/2022\/08\/1-300x200.jpg 300w, https:\/\/enertrans.com.ar\/blog\/wp-content\/uploads\/2022\/08\/1-1024x681.jpg 1024w, https:\/\/enertrans.com.ar\/blog\/wp-content\/uploads\/2022\/08\/1.jpg 1082w\" sizes=\"auto, (max-width: 580px) 100vw, 580px\" \/><\/a>\r\n\t\t\t\t\t\t\t<\/div>\r\n\t\t\t\t\t\t\t\t\t\t\t<\/div>\r\n\t\t\t\t\t\r\n\t\t\t\t\t<div class=\"news-content\">\r\n\t\t\t\t\t\t\t\t\t\t\t\t\t<div class=\"grid-date-post\">\r\n\t\t\t\t\t\t\t\t2 agosto, 2022\t\t\t\t\t\t\t<\/div>\r\n\t\t\t\t\t\t\r\n\t\t\t\t\t\t<div class=\"post-content-text\">\r\n\t\t\t\t\t\t\t<h3 class=\"news-title\"><a href=\"https:\/\/enertrans.com.ar\/blog\/news\/vaca-muerta-las-restricciones-a-las-importaciones-comienzan-a-impactar-en-la-produccion-de-petroleo-y-gas\/\" rel=\"bookmark\">Vaca Muerta: las restricciones a las importaciones comienzan a impactar en la producci\u00f3n de petr\u00f3leo y gas<\/a><\/h3>\t\t\t\t\t\t\t\t<div class=\"news-content-excerpt\">\r\n\t\t\t\t\t\t\t\t\t\t\t\t\t\t\t\t\t\t\t<div class=\"news-short-content\">\r\n\t\t\t\t\t\t\t\t\t\t\tLas empresas de servicios petroleros advirtieron sobre la imposibilidad de contar con insumos estrat\u00e9gicos para la producci\u00f3n\n\nEn las \u00faltimas semanas, comenzaron a faltar piezas claves para la producci\u00f3n de petr\u00f3leo y gas por las restricciones a las importaciones...\t\t\t\t\t\t\t\t\t\t<\/div>\r\n\t\t\t\t\t\t\t\t\t\t<a href=\"https:\/\/enertrans.com.ar\/blog\/news\/vaca-muerta-las-restricciones-a-las-importaciones-comienzan-a-impactar-en-la-produccion-de-petroleo-y-gas\/\" class=\"news-more-link\">Read More<\/a>\r\n\t\t\t\t\t\t\t\t\t\t\t\t\t\t\t\t\t<\/div><!-- .entry-content -->\r\n\t\t\t\t\t\t\t\t\t\t\t\t\t<\/div>\r\n\t\t\t\t\t<\/div>\r\n\t\t\t\t<\/div><!-- #post-## -->\r\n\t\t\t<\/div><!-- #post-## -->\r\n\t\t\r\n\t\t\t<div id=\"post-31\" class=\"news type-news wpnaw-blog-class has-date news-col-list\">\r\n\t\t\t\t<div class=\"news-inner-wrap-view news-clearfix \">\r\n\r\n\t\t\t\t\t\t\t\t\t\t<div class=\"news-thumb\">\r\n\t\t\t\t\t\t\t\t\t\t\t\t\t<div class=\"grid-news-thumb\">\r\n\t\t\t\t\t\t\t\t<a href=\"https:\/\/enertrans.com.ar\/blog\/news\/la-expo-san-juan-minera-2022-se-prepara-para-recibir-a-miles-de-visitantes\/\"><img loading=\"lazy\" decoding=\"async\" width=\"580\" height=\"454\" src=\"https:\/\/enertrans.com.ar\/blog\/wp-content\/uploads\/2022\/07\/116-768x601.png\" class=\"attachment-medium_large size-medium_large wp-post-image\" alt=\"\" srcset=\"https:\/\/enertrans.com.ar\/blog\/wp-content\/uploads\/2022\/07\/116-768x601.png 768w, https:\/\/enertrans.com.ar\/blog\/wp-content\/uploads\/2022\/07\/116-300x235.png 300w, https:\/\/enertrans.com.ar\/blog\/wp-content\/uploads\/2022\/07\/116.png 1024w\" sizes=\"auto, (max-width: 580px) 100vw, 580px\" \/><\/a>\r\n\t\t\t\t\t\t\t<\/div>\r\n\t\t\t\t\t\t\t\t\t\t\t<\/div>\r\n\t\t\t\t\t\r\n\t\t\t\t\t<div class=\"news-content\">\r\n\t\t\t\t\t\t\t\t\t\t\t\t\t<div class=\"grid-date-post\">\r\n\t\t\t\t\t\t\t\t21 julio, 2022\t\t\t\t\t\t\t<\/div>\r\n\t\t\t\t\t\t\r\n\t\t\t\t\t\t<div class=\"post-content-text\">\r\n\t\t\t\t\t\t\t<h3 class=\"news-title\"><a href=\"https:\/\/enertrans.com.ar\/blog\/news\/la-expo-san-juan-minera-2022-se-prepara-para-recibir-a-miles-de-visitantes\/\" rel=\"bookmark\">La Expo San Juan Minera 2022 se prepara para recibir a miles de visitantes<\/a><\/h3>\t\t\t\t\t\t\t\t<div class=\"news-content-excerpt\">\r\n\t\t\t\t\t\t\t\t\t\t\t\t\t\t\t\t\t\t\t<div class=\"news-short-content\">\r\n\t\t\t\t\t\t\t\t\t\t\tEn su novena edici\u00f3n, la reconocida exposici\u00f3n internacional \u201cSan Juan, Factor de Desarrollo de la Miner\u00eda Argentina\u201d, evento que re\u00fane cada dos a\u00f1os a los distintos actores clave de la miner\u00eda argentina, tendr\u00e1 lugar en el Costanera Complejo Ferial de la provincia de San Juan el pr\u00f3ximo 12, 13 y 14 de octubre. Contar\u00e1 con actividades...\t\t\t\t\t\t\t\t\t\t<\/div>\r\n\t\t\t\t\t\t\t\t\t\t<a href=\"https:\/\/enertrans.com.ar\/blog\/news\/la-expo-san-juan-minera-2022-se-prepara-para-recibir-a-miles-de-visitantes\/\" class=\"news-more-link\">Read More<\/a>\r\n\t\t\t\t\t\t\t\t\t\t\t\t\t\t\t\t\t<\/div><!-- .entry-content -->\r\n\t\t\t\t\t\t\t\t\t\t\t\t\t<\/div>\r\n\t\t\t\t\t<\/div>\r\n\t\t\t\t<\/div><!-- #post-## -->\r\n\t\t\t<\/div><!-- #post-## -->\r\n\t\t\r\n\t\t\t<div id=\"post-26\" class=\"news type-news wpnaw-blog-class has-date news-col-list wpnaw-last\">\r\n\t\t\t\t<div class=\"news-inner-wrap-view news-clearfix \">\r\n\r\n\t\t\t\t\t\t\t\t\t\t<div class=\"news-thumb\">\r\n\t\t\t\t\t\t\t\t\t\t\t\t\t<div class=\"grid-news-thumb\">\r\n\t\t\t\t\t\t\t\t<a href=\"https:\/\/enertrans.com.ar\/blog\/news\/por-la-crisis-de-los-combustibles-y-el-aumento-de-la-mano-de-obra-los-costos-logisticos-registraron-la-mayor-suba-en-20-anos\/\"><img loading=\"lazy\" decoding=\"async\" width=\"580\" height=\"387\" src=\"https:\/\/enertrans.com.ar\/blog\/wp-content\/uploads\/2022\/07\/1x-768x512.jpg\" class=\"attachment-medium_large size-medium_large wp-post-image\" alt=\"\" srcset=\"https:\/\/enertrans.com.ar\/blog\/wp-content\/uploads\/2022\/07\/1x-768x512.jpg 768w, https:\/\/enertrans.com.ar\/blog\/wp-content\/uploads\/2022\/07\/1x-300x200.jpg 300w, https:\/\/enertrans.com.ar\/blog\/wp-content\/uploads\/2022\/07\/1x.jpg 800w\" sizes=\"auto, (max-width: 580px) 100vw, 580px\" \/><\/a>\r\n\t\t\t\t\t\t\t<\/div>\r\n\t\t\t\t\t\t\t\t\t\t\t<\/div>\r\n\t\t\t\t\t\r\n\t\t\t\t\t<div class=\"news-content\">\r\n\t\t\t\t\t\t\t\t\t\t\t\t\t<div class=\"grid-date-post\">\r\n\t\t\t\t\t\t\t\t14 julio, 2022\t\t\t\t\t\t\t<\/div>\r\n\t\t\t\t\t\t\r\n\t\t\t\t\t\t<div class=\"post-content-text\">\r\n\t\t\t\t\t\t\t<h3 class=\"news-title\"><a href=\"https:\/\/enertrans.com.ar\/blog\/news\/por-la-crisis-de-los-combustibles-y-el-aumento-de-la-mano-de-obra-los-costos-logisticos-registraron-la-mayor-suba-en-20-anos\/\" rel=\"bookmark\">Por la crisis de los combustibles y el aumento de la mano de obra, los costos log\u00edsticos registraron la mayor suba en 20 a\u00f1os<\/a><\/h3>\t\t\t\t\t\t\t\t<div class=\"news-content-excerpt\">\r\n\t\t\t\t\t\t\t\t\t\t\t\t\t\t\t\t\t\t\t<div class=\"news-short-content\">\r\n\t\t\t\t\t\t\t\t\t\t\tLa variaci\u00f3n de mayo arroj\u00f3 un alza del 13,2%, m\u00e1s del doble que la inflaci\u00f3n. As\u00ed surge de un reporte de la C\u00e1mara Empresaria de Operadores Log\u00edsticos (CEDOL)\n\nLos costos log\u00edsticos sufrieron en mayo su mayor alza en 20 a\u00f1os como consecuencia de la suba...\t\t\t\t\t\t\t\t\t\t<\/div>\r\n\t\t\t\t\t\t\t\t\t\t<a href=\"https:\/\/enertrans.com.ar\/blog\/news\/por-la-crisis-de-los-combustibles-y-el-aumento-de-la-mano-de-obra-los-costos-logisticos-registraron-la-mayor-suba-en-20-anos\/\" class=\"news-more-link\">Read More<\/a>\r\n\t\t\t\t\t\t\t\t\t\t\t\t\t\t\t\t\t<\/div><!-- .entry-content -->\r\n\t\t\t\t\t\t\t\t\t\t\t\t\t<\/div>\r\n\t\t\t\t\t<\/div>\r\n\t\t\t\t<\/div><!-- #post-## -->\r\n\t\t\t<\/div><!-- #post-## -->\r\n\t\t\t<\/div>\r\n\r\n\t\n","protected":false},"excerpt":{"rendered":"","protected":false},"author":1,"featured_media":0,"parent":0,"menu_order":0,"comment_status":"closed","ping_status":"closed","template":"","meta":{"footnotes":""},"class_list":["post-5","page","type-page","status-publish","hentry"],"_links":{"self":[{"href":"https:\/\/enertrans.com.ar\/blog\/wp-json\/wp\/v2\/pages\/5","targetHints":{"allow":["GET"]}}],"collection":[{"href":"https:\/\/enertrans.com.ar\/blog\/wp-json\/wp\/v2\/pages"}],"about":[{"href":"https:\/\/enertrans.com.ar\/blog\/wp-json\/wp\/v2\/types\/page"}],"author":[{"embeddable":true,"href":"https:\/\/enertrans.com.ar\/blog\/wp-json\/wp\/v2\/users\/1"}],"replies":[{"embeddable":true,"href":"https:\/\/enertrans.com.ar\/blog\/wp-json\/wp\/v2\/comments?post=5"}],"version-history":[{"count":1,"href":"https:\/\/enertrans.com.ar\/blog\/wp-json\/wp\/v2\/pages\/5\/revisions"}],"predecessor-version":[{"id":7,"href":"https:\/\/enertrans.com.ar\/blog\/wp-json\/wp\/v2\/pages\/5\/revisions\/7"}],"wp:attachment":[{"href":"https:\/\/enertrans.com.ar\/blog\/wp-json\/wp\/v2\/media?parent=5"}],"curies":[{"name":"wp","href":"https:\/\/api.w.org\/{rel}","templated":true}]}}